{"id":619,"date":"2022-02-28T11:29:56","date_gmt":"2022-02-28T10:29:56","guid":{"rendered":"https:\/\/ferryverbeek.nl\/equipe\/"},"modified":"2025-10-22T16:18:57","modified_gmt":"2025-10-22T14:18:57","slug":"equipe","status":"publish","type":"page","link":"https:\/\/ferryverbeek.nl\/fr\/equipe\/","title":{"rendered":"\u00e9quipe"},"content":{"rendered":"\n\n        <h1>\n            notre \n            \u00e9quipe\n        <\/h1>\n                    <img decoding=\"async\" src=\"https:\/\/ferryverbeek.nl\/wp-content\/uploads\/2022\/03\/team_1.jpg\" alt=\"Ferry Verbeek\"\/>\n                <p>Ferry Verbeek<\/p>\n                <p>Propri\u00e9taire<\/p>\n                    <img decoding=\"async\" src=\"http:\/\/ferryverbeek.nl\/wp-content\/uploads\/2023\/09\/Portret-2-copy.png\" alt=\"Jeff Verbeek\"\/>\n                <p>Jeff Verbeek<\/p>\n                <p>Achats<\/p>\n                    <img decoding=\"async\" src=\"https:\/\/ferryverbeek.nl\/wp-content\/uploads\/2022\/03\/team_3.jpg\" alt=\"Ellen Verbeek\"\/>\n                <p>Ellen Verbeek<\/p>\n                <p>Administration financi\u00e8re<\/p>\n                    <img decoding=\"async\" src=\"https:\/\/ferryverbeek.nl\/wp-content\/uploads\/2022\/03\/team_4.jpg\" alt=\"Henry Doornekamp\"\/>\n                <p>Henry Doornekamp<\/p>\n                <p>Ventes<\/p>\n                    <img decoding=\"async\" src=\"http:\/\/ferryverbeek.nl\/wp-content\/uploads\/2023\/09\/Portret-1-copy.png\" alt=\"Melle Mandemakers\"\/>\n                <p>Melle Mandemakers<\/p>\n                <p>Ventes<\/p>\n                    <img decoding=\"async\" src=\"https:\/\/ferryverbeek.nl\/wp-content\/uploads\/2022\/03\/team_6.jpg\" alt=\"Floris Klop\"\/>\n                <p>Floris Klop<\/p>\n                <p>Logistique<\/p>\n                    <img decoding=\"async\" src=\"http:\/\/ferryverbeek.nl\/wp-content\/uploads\/2023\/09\/Portret-4-copy.png\" alt=\"Sven Verbeek\"\/>\n                <p>Sven Verbeek<\/p>\n                <p>Logistique<\/p>\n                    <img decoding=\"async\" src=\"https:\/\/ferryverbeek.nl\/wp-content\/uploads\/2022\/03\/team_7.jpg\" alt=\"Jeffrey de Bruijn\"\/>\n                <p>Jeffrey de Bruijn<\/p>\n                <p>Logistique<\/p>\n                    <img decoding=\"async\" src=\"https:\/\/ferryverbeek.nl\/wp-content\/uploads\/2022\/03\/team_8.jpg\" alt=\"Lianne van den Heuvel\"\/>\n                <p>Lianne van den Heuvel<\/p>\n                <p>Administration<\/p>\n                    <img decoding=\"async\" src=\"http:\/\/ferryverbeek.nl\/wp-content\/uploads\/2023\/09\/Portret-3-copy.png\" alt=\"Lucas Doornekamp\"\/>\n                <p>Lucas Doornekamp<\/p>\n                <p>Stagiaire<\/p>\n        <img decoding=\"async\" :class=\"animate ? 'animate' : '' \" src=\"https:\/\/ferryverbeek.nl\/wp-content\/uploads\/2022\/03\/mobile-image-2.png\"\/>\n            <h2>D\u00e9couvrez notre assortiment actuel<\/h2>\n            <a href=\"https:\/\/shop.ferryverbeek.nl\/\">\n                Visitez notre boutique en ligne\n            <\/a>\n\n","protected":false},"excerpt":{"rendered":"<p>notre \u00e9quipe Ferry Verbeek Propri\u00e9taire Jeff Verbeek Achats Ellen Verbeek Administration financi\u00e8re Henry Doornekamp Ventes Melle Mandemakers Ventes Floris Klop Logistique Sven Verbeek Logistique Jeffrey de Bruijn Logistique Lianne van den Heuvel Administration Lucas Doornekamp Stagiaire D\u00e9couvrez notre assortiment actuel Visitez notre boutique en ligne<\/p>\n","protected":false},"author":6,"featured_media":0,"parent":0,"menu_order":0,"comment_status":"closed","ping_status":"closed","template":"","meta":{"_acf_changed":false,"inline_featured_image":false,"footnotes":""},"class_list":["post-619","page","type-page","status-publish","hentry"],"acf":[],"yoast_head":"<!-- This site is optimized with the Yoast SEO plugin v22.7 - https:\/\/yoast.com\/wordpress\/plugins\/seo\/ -->\n<title>Notre \u00e9quipe | Ferry Verbeek Plantengroothandel<\/title>\n<meta name=\"description\" content=\"Nos acheteurs se rendent chez les producteurs chaque semaine. C&#039;est la force de Ferry Verbeek Plantengroothandel. D\u00e9couvrez notre \u00e9quipe ici\" \/>\n<meta name=\"robots\" content=\"index, follow, max-snippet:-1, max-image-preview:large, max-video-preview:-1\" \/>\n<link rel=\"canonical\" href=\"https:\/\/ferryverbeek.nl\/fr\/equipe\/\" \/>\n<meta property=\"og:locale\" content=\"fr_FR\" \/>\n<meta property=\"og:type\" content=\"article\" \/>\n<meta property=\"og:title\" content=\"Notre \u00e9quipe | Ferry Verbeek Plantengroothandel\" \/>\n<meta property=\"og:description\" content=\"Nos acheteurs se rendent chez les producteurs chaque semaine. C&#039;est la force de Ferry Verbeek Plantengroothandel. D\u00e9couvrez notre \u00e9quipe ici\" \/>\n<meta property=\"og:url\" content=\"https:\/\/ferryverbeek.nl\/fr\/equipe\/\" \/>\n<meta property=\"og:site_name\" content=\"Ferry Verbeek\" \/>\n<meta property=\"article:modified_time\" content=\"2025-10-22T14:18:57+00:00\" \/>\n<meta property=\"og:image\" content=\"https:\/\/ferryverbeek.nl\/wp-content\/uploads\/2022\/03\/team_1.jpg\" \/>\n<meta name=\"twitter:card\" content=\"summary_large_image\" \/>\n<script type=\"application\/ld+json\" class=\"yoast-schema-graph\">{\"@context\":\"https:\/\/schema.org\",\"@graph\":[{\"@type\":\"WebPage\",\"@id\":\"https:\/\/ferryverbeek.nl\/fr\/equipe\/\",\"url\":\"https:\/\/ferryverbeek.nl\/fr\/equipe\/\",\"name\":\"Notre \u00e9quipe | Ferry Verbeek Plantengroothandel\",\"isPartOf\":{\"@id\":\"https:\/\/ferryverbeek.nl\/fr\/#website\"},\"primaryImageOfPage\":{\"@id\":\"https:\/\/ferryverbeek.nl\/fr\/equipe\/#primaryimage\"},\"image\":{\"@id\":\"https:\/\/ferryverbeek.nl\/fr\/equipe\/#primaryimage\"},\"thumbnailUrl\":\"https:\/\/ferryverbeek.nl\/wp-content\/uploads\/2022\/03\/team_1.jpg\",\"datePublished\":\"2022-02-28T10:29:56+00:00\",\"dateModified\":\"2025-10-22T14:18:57+00:00\",\"description\":\"Nos acheteurs se rendent chez les producteurs chaque semaine. C'est la force de Ferry Verbeek Plantengroothandel. D\u00e9couvrez notre \u00e9quipe ici\",\"breadcrumb\":{\"@id\":\"https:\/\/ferryverbeek.nl\/fr\/equipe\/#breadcrumb\"},\"inLanguage\":\"fr-FR\",\"potentialAction\":[{\"@type\":\"ReadAction\",\"target\":[\"https:\/\/ferryverbeek.nl\/fr\/equipe\/\"]}]},{\"@type\":\"ImageObject\",\"inLanguage\":\"fr-FR\",\"@id\":\"https:\/\/ferryverbeek.nl\/fr\/equipe\/#primaryimage\",\"url\":\"https:\/\/ferryverbeek.nl\/wp-content\/uploads\/2022\/03\/team_1.jpg\",\"contentUrl\":\"https:\/\/ferryverbeek.nl\/wp-content\/uploads\/2022\/03\/team_1.jpg\"},{\"@type\":\"BreadcrumbList\",\"@id\":\"https:\/\/ferryverbeek.nl\/fr\/equipe\/#breadcrumb\",\"itemListElement\":[{\"@type\":\"ListItem\",\"position\":1,\"name\":\"Home\",\"item\":\"https:\/\/ferryverbeek.nl\/fr\/\"},{\"@type\":\"ListItem\",\"position\":2,\"name\":\"\u00e9quipe\"}]},{\"@type\":\"WebSite\",\"@id\":\"https:\/\/ferryverbeek.nl\/fr\/#website\",\"url\":\"https:\/\/ferryverbeek.nl\/fr\/\",\"name\":\"Ferry Verbeek\",\"description\":\"plantengroothandel\",\"potentialAction\":[{\"@type\":\"SearchAction\",\"target\":{\"@type\":\"EntryPoint\",\"urlTemplate\":\"https:\/\/ferryverbeek.nl\/fr\/?s={search_term_string}\"},\"query-input\":\"required name=search_term_string\"}],\"inLanguage\":\"fr-FR\"}]}<\/script>\n<!-- \/ Yoast SEO plugin. -->","yoast_head_json":{"title":"Notre \u00e9quipe | Ferry Verbeek Plantengroothandel","description":"Nos acheteurs se rendent chez les producteurs chaque semaine. C'est la force de Ferry Verbeek Plantengroothandel. D\u00e9couvrez notre \u00e9quipe ici","robots":{"index":"index","follow":"follow","max-snippet":"max-snippet:-1","max-image-preview":"max-image-preview:large","max-video-preview":"max-video-preview:-1"},"canonical":"https:\/\/ferryverbeek.nl\/fr\/equipe\/","og_locale":"fr_FR","og_type":"article","og_title":"Notre \u00e9quipe | Ferry Verbeek Plantengroothandel","og_description":"Nos acheteurs se rendent chez les producteurs chaque semaine. C'est la force de Ferry Verbeek Plantengroothandel. D\u00e9couvrez notre \u00e9quipe ici","og_url":"https:\/\/ferryverbeek.nl\/fr\/equipe\/","og_site_name":"Ferry Verbeek","article_modified_time":"2025-10-22T14:18:57+00:00","og_image":[{"url":"https:\/\/ferryverbeek.nl\/wp-content\/uploads\/2022\/03\/team_1.jpg"}],"twitter_card":"summary_large_image","schema":{"@context":"https:\/\/schema.org","@graph":[{"@type":"WebPage","@id":"https:\/\/ferryverbeek.nl\/fr\/equipe\/","url":"https:\/\/ferryverbeek.nl\/fr\/equipe\/","name":"Notre \u00e9quipe | Ferry Verbeek Plantengroothandel","isPartOf":{"@id":"https:\/\/ferryverbeek.nl\/fr\/#website"},"primaryImageOfPage":{"@id":"https:\/\/ferryverbeek.nl\/fr\/equipe\/#primaryimage"},"image":{"@id":"https:\/\/ferryverbeek.nl\/fr\/equipe\/#primaryimage"},"thumbnailUrl":"https:\/\/ferryverbeek.nl\/wp-content\/uploads\/2022\/03\/team_1.jpg","datePublished":"2022-02-28T10:29:56+00:00","dateModified":"2025-10-22T14:18:57+00:00","description":"Nos acheteurs se rendent chez les producteurs chaque semaine. C'est la force de Ferry Verbeek Plantengroothandel. D\u00e9couvrez notre \u00e9quipe ici","breadcrumb":{"@id":"https:\/\/ferryverbeek.nl\/fr\/equipe\/#breadcrumb"},"inLanguage":"fr-FR","potentialAction":[{"@type":"ReadAction","target":["https:\/\/ferryverbeek.nl\/fr\/equipe\/"]}]},{"@type":"ImageObject","inLanguage":"fr-FR","@id":"https:\/\/ferryverbeek.nl\/fr\/equipe\/#primaryimage","url":"https:\/\/ferryverbeek.nl\/wp-content\/uploads\/2022\/03\/team_1.jpg","contentUrl":"https:\/\/ferryverbeek.nl\/wp-content\/uploads\/2022\/03\/team_1.jpg"},{"@type":"BreadcrumbList","@id":"https:\/\/ferryverbeek.nl\/fr\/equipe\/#breadcrumb","itemListElement":[{"@type":"ListItem","position":1,"name":"Home","item":"https:\/\/ferryverbeek.nl\/fr\/"},{"@type":"ListItem","position":2,"name":"\u00e9quipe"}]},{"@type":"WebSite","@id":"https:\/\/ferryverbeek.nl\/fr\/#website","url":"https:\/\/ferryverbeek.nl\/fr\/","name":"Ferry Verbeek","description":"plantengroothandel","potentialAction":[{"@type":"SearchAction","target":{"@type":"EntryPoint","urlTemplate":"https:\/\/ferryverbeek.nl\/fr\/?s={search_term_string}"},"query-input":"required name=search_term_string"}],"inLanguage":"fr-FR"}]}},"_links":{"self":[{"href":"https:\/\/ferryverbeek.nl\/fr\/wp-json\/wp\/v2\/pages\/619","targetHints":{"allow":["GET"]}}],"collection":[{"href":"https:\/\/ferryverbeek.nl\/fr\/wp-json\/wp\/v2\/pages"}],"about":[{"href":"https:\/\/ferryverbeek.nl\/fr\/wp-json\/wp\/v2\/types\/page"}],"author":[{"embeddable":true,"href":"https:\/\/ferryverbeek.nl\/fr\/wp-json\/wp\/v2\/users\/6"}],"replies":[{"embeddable":true,"href":"https:\/\/ferryverbeek.nl\/fr\/wp-json\/wp\/v2\/comments?post=619"}],"version-history":[{"count":3,"href":"https:\/\/ferryverbeek.nl\/fr\/wp-json\/wp\/v2\/pages\/619\/revisions"}],"predecessor-version":[{"id":725,"href":"https:\/\/ferryverbeek.nl\/fr\/wp-json\/wp\/v2\/pages\/619\/revisions\/725"}],"wp:attachment":[{"href":"https:\/\/ferryverbeek.nl\/fr\/wp-json\/wp\/v2\/media?parent=619"}],"curies":[{"name":"wp","href":"https:\/\/api.w.org\/{rel}","templated":true}]}}