{"id":547,"date":"2022-02-28T11:29:57","date_gmt":"2022-02-28T10:29:57","guid":{"rendered":"https:\/\/ferryverbeek.nl\/contact\/"},"modified":"2022-07-21T10:19:12","modified_gmt":"2022-07-21T08:19:12","slug":"contact","status":"publish","type":"page","link":"https:\/\/ferryverbeek.nl\/fr\/contact\/","title":{"rendered":"Contact"},"content":{"rendered":"\n\n        <h1>\n            Nous\n            contacter\n        <\/h1>\n            <img decoding=\"async\" src=\"https:\/\/ferryverbeek.nl\/wp-content\/uploads\/2022\/03\/img_9.jpg\"\/>\n                    <h3>Bureau Honselersdijk<\/h3>\n                    <p>Venus 198<\/p>\n                    <p>2675 LN, Honselersdijk<\/p>\n                    <h3>Adresse postale<\/h3>\n                    <p>Nieuwstraat 5<\/p>\n                    <p>4264 RE, Veen<\/p>\n                    <h3>Contact<\/h3>\n                    <p><a href=\"tel:+31610928928\">T: 0031-(0)6 109 289 28<\/a><\/p>\n                    <p><a href=\"mailto:info@ferryverbeek.nl\">M: info@ferryverbeek.nl<\/a><\/p>\n                    <h3>num\u00e9ro de TVA<\/h3>\n                    <p>NL855251621B01<\/p>\n            <h2>\n                des m\u00e9dias \n                sociaux\n            <\/h2>\n                <img decoding=\"async\" :class=\"animate ? 'animate' : '' \" src=\"https:\/\/ferryverbeek.nl\/wp-content\/uploads\/2022\/03\/social-media-1.png\" alt=\"social media\"\/>\n                        <h3>Instagram<\/h3>\n                        <p><a href=\"https:\/\/www.instagram.com\/ferry.verbeek\" target=\"_blank\" rel=\"noopener\">@ferry.verbeek<\/a><\/p>\n                        <h3>Facebook<\/h3>\n                        <p><a href=\"https:\/\/www.facebook.com\/FerryVerbeekPlanten\" target=\"_blank\" rel=\"noopener\">@ferry.verbeek.planten<\/a><\/p>\n                        <h3>Linkedin<\/h3>\n                        <p><a href=\"https:\/\/www.linkedin.com\/in\/ferry-verbeek-a8a900100\/\" target=\"_blank\" rel=\"noopener\">@ferry.verbeek<\/a><\/p>\n            <h2>\n                Contact\n                Form\n            <\/h2>\n            \n<div class=\"wpcf7 no-js\" id=\"wpcf7-f562-o1\" lang=\"nl-NL\" dir=\"ltr\" data-wpcf7-id=\"562\">\n<div class=\"screen-reader-response\"><p role=\"status\" aria-live=\"polite\" aria-atomic=\"true\"><\/p> <ul><\/ul><\/div>\n<form action=\"\/fr\/wp-json\/wp\/v2\/pages\/547#wpcf7-f562-o1\" method=\"post\" class=\"wpcf7-form init\" aria-label=\"Contactformulier\" novalidate=\"novalidate\" data-status=\"init\">\n<fieldset class=\"hidden-fields-container\"><input type=\"hidden\" name=\"_wpcf7\" value=\"562\" \/><input type=\"hidden\" name=\"_wpcf7_version\" value=\"6.1\" \/><input type=\"hidden\" name=\"_wpcf7_locale\" value=\"nl_NL\" \/><input type=\"hidden\" name=\"_wpcf7_unit_tag\" value=\"wpcf7-f562-o1\" \/><input type=\"hidden\" name=\"_wpcf7_container_post\" value=\"0\" \/><input type=\"hidden\" name=\"_wpcf7_posted_data_hash\" value=\"\" \/><input type=\"hidden\" name=\"_wpcf7_recaptcha_response\" value=\"\" \/>\n<\/fieldset>\n<div class=\"form-row\"><span class=\"wpcf7-form-control-wrap\" data-name=\"your-name\"><input size=\"40\" maxlength=\"400\" class=\"wpcf7-form-control wpcf7-text wpcf7-validates-as-required\" aria-required=\"true\" aria-invalid=\"false\" placeholder=\"Nom et pr\u00e9nom*\" value=\"\" type=\"text\" name=\"your-name\" \/><\/span> <span class=\"wpcf7-form-control-wrap\" data-name=\"your-company\"><input size=\"40\" maxlength=\"400\" class=\"wpcf7-form-control wpcf7-text\" aria-invalid=\"false\" placeholder=\"Nom de l&#039;entreprise\" value=\"\" type=\"text\" name=\"your-company\" \/><\/span><\/div>\n<div class=\"form-row\"><span class=\"wpcf7-form-control-wrap\" data-name=\"your-phone\"><input size=\"40\" maxlength=\"400\" class=\"wpcf7-form-control wpcf7-tel wpcf7-text wpcf7-validates-as-tel\" aria-invalid=\"false\" placeholder=\"num\u00e9ro de t\u00e9l\u00e9phone\" value=\"\" type=\"tel\" name=\"your-phone\" \/><\/span> <span class=\"wpcf7-form-control-wrap\" data-name=\"your-email\"><input size=\"40\" maxlength=\"400\" class=\"wpcf7-form-control wpcf7-email wpcf7-validates-as-required wpcf7-text wpcf7-validates-as-email\" aria-required=\"true\" aria-invalid=\"false\" placeholder=\"E-mail*\" value=\"\" type=\"email\" name=\"your-email\" \/><\/span><\/div>\n<div class=\"form-row\"><span class=\"wpcf7-form-control-wrap\" data-name=\"your-message\"><textarea cols=\"40\" rows=\"10\" maxlength=\"2000\" class=\"wpcf7-form-control wpcf7-textarea\" aria-invalid=\"false\" placeholder=\"tapez votre message ici...*\" name=\"your-message\"><\/textarea><\/span><\/div>\n\n<input class=\"wpcf7-form-control wpcf7-submit has-spinner\" type=\"submit\" value=\"envoyer le message\" \/>\n<br>\n<p class=\"reCAPTCHA-text\">This site is protected by reCAPTCHA and the Google <a href=\"https:\/\/policies.google.com\/privacy\" target=\"_blank\">Privacy Policy<\/a> and <a href=\"https:\/\/policies.google.com\/terms\" target=\"_blank\">Terms of Service<\/a> apply.<\/p><div class=\"wpcf7-response-output\" aria-hidden=\"true\"><\/div>\n<\/form>\n<\/div>\n\n\n","protected":false},"excerpt":{"rendered":"<p>Nous contacter Bureau Honselersdijk Venus 198 2675 LN, Honselersdijk Adresse postale Nieuwstraat 5 4264 RE, Veen Contact T: 0031-(0)6 109 289 28 M: info@ferryverbeek.nl num\u00e9ro de TVA NL855251621B01 des m\u00e9dias sociaux Instagram @ferry.verbeek Facebook @ferry.verbeek.planten Linkedin @ferry.verbeek Contact Form<\/p>\n","protected":false},"author":6,"featured_media":0,"parent":0,"menu_order":0,"comment_status":"closed","ping_status":"closed","template":"","meta":{"_acf_changed":false,"inline_featured_image":false,"footnotes":""},"class_list":["post-547","page","type-page","status-publish","hentry"],"acf":[],"yoast_head":"<!-- This site is optimized with the Yoast SEO plugin v22.7 - https:\/\/yoast.com\/wordpress\/plugins\/seo\/ -->\n<title>Contact opnemen | Ferry Verbeek Plantengroothandel<\/title>\n<meta name=\"description\" content=\"Benieuwd wat wij voor u kunnen betekenen? Neem contact op met Ferry Verbeek Plantengroothandel tel: 0031-(0)610928928\" \/>\n<meta name=\"robots\" content=\"index, follow, max-snippet:-1, max-image-preview:large, max-video-preview:-1\" \/>\n<link rel=\"canonical\" href=\"https:\/\/ferryverbeek.nl\/fr\/contact\/\" \/>\n<meta property=\"og:locale\" content=\"fr_FR\" \/>\n<meta property=\"og:type\" content=\"article\" \/>\n<meta property=\"og:title\" content=\"Contact opnemen | Ferry Verbeek Plantengroothandel\" \/>\n<meta property=\"og:description\" content=\"Benieuwd wat wij voor u kunnen betekenen? Neem contact op met Ferry Verbeek Plantengroothandel tel: 0031-(0)610928928\" \/>\n<meta property=\"og:url\" content=\"https:\/\/ferryverbeek.nl\/fr\/contact\/\" \/>\n<meta property=\"og:site_name\" content=\"Ferry Verbeek\" \/>\n<meta property=\"article:modified_time\" content=\"2022-07-21T08:19:12+00:00\" \/>\n<meta property=\"og:image\" content=\"https:\/\/ferryverbeek.nl\/wp-content\/uploads\/2022\/03\/img_9.jpg\" \/>\n<meta name=\"twitter:card\" content=\"summary_large_image\" \/>\n<script type=\"application\/ld+json\" class=\"yoast-schema-graph\">{\"@context\":\"https:\/\/schema.org\",\"@graph\":[{\"@type\":\"WebPage\",\"@id\":\"https:\/\/ferryverbeek.nl\/fr\/contact\/\",\"url\":\"https:\/\/ferryverbeek.nl\/fr\/contact\/\",\"name\":\"Contact opnemen | Ferry Verbeek Plantengroothandel\",\"isPartOf\":{\"@id\":\"https:\/\/ferryverbeek.nl\/fr\/#website\"},\"primaryImageOfPage\":{\"@id\":\"https:\/\/ferryverbeek.nl\/fr\/contact\/#primaryimage\"},\"image\":{\"@id\":\"https:\/\/ferryverbeek.nl\/fr\/contact\/#primaryimage\"},\"thumbnailUrl\":\"https:\/\/ferryverbeek.nl\/wp-content\/uploads\/2022\/03\/img_9.jpg\",\"datePublished\":\"2022-02-28T10:29:57+00:00\",\"dateModified\":\"2022-07-21T08:19:12+00:00\",\"description\":\"Benieuwd wat wij voor u kunnen betekenen? Neem contact op met Ferry Verbeek Plantengroothandel tel: 0031-(0)610928928\",\"breadcrumb\":{\"@id\":\"https:\/\/ferryverbeek.nl\/fr\/contact\/#breadcrumb\"},\"inLanguage\":\"fr-FR\",\"potentialAction\":[{\"@type\":\"ReadAction\",\"target\":[\"https:\/\/ferryverbeek.nl\/fr\/contact\/\"]}]},{\"@type\":\"ImageObject\",\"inLanguage\":\"fr-FR\",\"@id\":\"https:\/\/ferryverbeek.nl\/fr\/contact\/#primaryimage\",\"url\":\"https:\/\/ferryverbeek.nl\/wp-content\/uploads\/2022\/03\/img_9.jpg\",\"contentUrl\":\"https:\/\/ferryverbeek.nl\/wp-content\/uploads\/2022\/03\/img_9.jpg\"},{\"@type\":\"BreadcrumbList\",\"@id\":\"https:\/\/ferryverbeek.nl\/fr\/contact\/#breadcrumb\",\"itemListElement\":[{\"@type\":\"ListItem\",\"position\":1,\"name\":\"Home\",\"item\":\"https:\/\/ferryverbeek.nl\/fr\/\"},{\"@type\":\"ListItem\",\"position\":2,\"name\":\"Contact\"}]},{\"@type\":\"WebSite\",\"@id\":\"https:\/\/ferryverbeek.nl\/fr\/#website\",\"url\":\"https:\/\/ferryverbeek.nl\/fr\/\",\"name\":\"Ferry Verbeek\",\"description\":\"plantengroothandel\",\"potentialAction\":[{\"@type\":\"SearchAction\",\"target\":{\"@type\":\"EntryPoint\",\"urlTemplate\":\"https:\/\/ferryverbeek.nl\/fr\/?s={search_term_string}\"},\"query-input\":\"required name=search_term_string\"}],\"inLanguage\":\"fr-FR\"}]}<\/script>\n<!-- \/ Yoast SEO plugin. -->","yoast_head_json":{"title":"Contact opnemen | Ferry Verbeek Plantengroothandel","description":"Benieuwd wat wij voor u kunnen betekenen? Neem contact op met Ferry Verbeek Plantengroothandel tel: 0031-(0)610928928","robots":{"index":"index","follow":"follow","max-snippet":"max-snippet:-1","max-image-preview":"max-image-preview:large","max-video-preview":"max-video-preview:-1"},"canonical":"https:\/\/ferryverbeek.nl\/fr\/contact\/","og_locale":"fr_FR","og_type":"article","og_title":"Contact opnemen | Ferry Verbeek Plantengroothandel","og_description":"Benieuwd wat wij voor u kunnen betekenen? Neem contact op met Ferry Verbeek Plantengroothandel tel: 0031-(0)610928928","og_url":"https:\/\/ferryverbeek.nl\/fr\/contact\/","og_site_name":"Ferry Verbeek","article_modified_time":"2022-07-21T08:19:12+00:00","og_image":[{"url":"https:\/\/ferryverbeek.nl\/wp-content\/uploads\/2022\/03\/img_9.jpg"}],"twitter_card":"summary_large_image","schema":{"@context":"https:\/\/schema.org","@graph":[{"@type":"WebPage","@id":"https:\/\/ferryverbeek.nl\/fr\/contact\/","url":"https:\/\/ferryverbeek.nl\/fr\/contact\/","name":"Contact opnemen | Ferry Verbeek Plantengroothandel","isPartOf":{"@id":"https:\/\/ferryverbeek.nl\/fr\/#website"},"primaryImageOfPage":{"@id":"https:\/\/ferryverbeek.nl\/fr\/contact\/#primaryimage"},"image":{"@id":"https:\/\/ferryverbeek.nl\/fr\/contact\/#primaryimage"},"thumbnailUrl":"https:\/\/ferryverbeek.nl\/wp-content\/uploads\/2022\/03\/img_9.jpg","datePublished":"2022-02-28T10:29:57+00:00","dateModified":"2022-07-21T08:19:12+00:00","description":"Benieuwd wat wij voor u kunnen betekenen? Neem contact op met Ferry Verbeek Plantengroothandel tel: 0031-(0)610928928","breadcrumb":{"@id":"https:\/\/ferryverbeek.nl\/fr\/contact\/#breadcrumb"},"inLanguage":"fr-FR","potentialAction":[{"@type":"ReadAction","target":["https:\/\/ferryverbeek.nl\/fr\/contact\/"]}]},{"@type":"ImageObject","inLanguage":"fr-FR","@id":"https:\/\/ferryverbeek.nl\/fr\/contact\/#primaryimage","url":"https:\/\/ferryverbeek.nl\/wp-content\/uploads\/2022\/03\/img_9.jpg","contentUrl":"https:\/\/ferryverbeek.nl\/wp-content\/uploads\/2022\/03\/img_9.jpg"},{"@type":"BreadcrumbList","@id":"https:\/\/ferryverbeek.nl\/fr\/contact\/#breadcrumb","itemListElement":[{"@type":"ListItem","position":1,"name":"Home","item":"https:\/\/ferryverbeek.nl\/fr\/"},{"@type":"ListItem","position":2,"name":"Contact"}]},{"@type":"WebSite","@id":"https:\/\/ferryverbeek.nl\/fr\/#website","url":"https:\/\/ferryverbeek.nl\/fr\/","name":"Ferry Verbeek","description":"plantengroothandel","potentialAction":[{"@type":"SearchAction","target":{"@type":"EntryPoint","urlTemplate":"https:\/\/ferryverbeek.nl\/fr\/?s={search_term_string}"},"query-input":"required name=search_term_string"}],"inLanguage":"fr-FR"}]}},"_links":{"self":[{"href":"https:\/\/ferryverbeek.nl\/fr\/wp-json\/wp\/v2\/pages\/547","targetHints":{"allow":["GET"]}}],"collection":[{"href":"https:\/\/ferryverbeek.nl\/fr\/wp-json\/wp\/v2\/pages"}],"about":[{"href":"https:\/\/ferryverbeek.nl\/fr\/wp-json\/wp\/v2\/types\/page"}],"author":[{"embeddable":true,"href":"https:\/\/ferryverbeek.nl\/fr\/wp-json\/wp\/v2\/users\/6"}],"replies":[{"embeddable":true,"href":"https:\/\/ferryverbeek.nl\/fr\/wp-json\/wp\/v2\/comments?post=547"}],"version-history":[{"count":4,"href":"https:\/\/ferryverbeek.nl\/fr\/wp-json\/wp\/v2\/pages\/547\/revisions"}],"predecessor-version":[{"id":627,"href":"https:\/\/ferryverbeek.nl\/fr\/wp-json\/wp\/v2\/pages\/547\/revisions\/627"}],"wp:attachment":[{"href":"https:\/\/ferryverbeek.nl\/fr\/wp-json\/wp\/v2\/media?parent=547"}],"curies":[{"name":"wp","href":"https:\/\/api.w.org\/{rel}","templated":true}]}}