{"id":536,"date":"2022-02-28T11:29:01","date_gmt":"2022-02-28T10:29:01","guid":{"rendered":"https:\/\/ferryverbeek.nl\/home\/"},"modified":"2022-07-15T16:38:21","modified_gmt":"2022-07-15T14:38:21","slug":"home","status":"publish","type":"page","link":"https:\/\/ferryverbeek.nl\/fr\/","title":{"rendered":"Accueil"},"content":{"rendered":"\n\n    <!-- Sidebar -->\n        <img decoding=\"async\" src=\"https:\/\/ferryverbeek.nl\/wp-content\/uploads\/2022\/03\/logo-rotated-1.svg\"\/>\n            <a href=\"https:\/\/www.facebook.com\/FerryVerbeekPlanten\" target=\"_blank\" rel=\"noopener\">\n            <\/a>\n            <a href=\"https:\/\/www.instagram.com\/ferry.verbeek\" target=\"_blank\" rel=\"noopener\">\n            <\/a>\n            <a href=\"https:\/\/www.linkedin.com\/in\/ferry-verbeek-a8a900100\/\" target=\"_blank\" rel=\"noopener\">\n            <\/a>\n    <!-- Background image -->\n        <img decoding=\"async\" src=\"http:\/\/ferryverbeek.nl\/wp-content\/uploads\/2022\/07\/Ferry-Verbeek-Homepage.jpeg\"\/>\n    <!-- Hand image + Overlay -->\n        <img decoding=\"async\" src=\"https:\/\/ferryverbeek.nl\/wp-content\/uploads\/2022\/03\/img_2.5.png\"\/>\n        <button @mouseover=\"showInfo = true\" @mouseleave=\"showInfo = false\">\n        <\/button>\n            <p> \u00ab\u00a0Via Ferry Verbeek, vous achetez directement aupr\u00e8s des meilleurs s\u00e9lectionneurs de plantes des Pays-Bas et de Belgique\u00a0\u00bb<\/p>\n    <!-- Title -->\n        <h1 :class=\"animate ? 'animate' : '' \">\n            The power\n            of Greens\n        <\/h1>\n                    <p>Opti-flor quality plants<\/p>\n                <img decoding=\"async\" src=\"https:\/\/ferryverbeek.nl\/wp-content\/uploads\/2022\/03\/img_3.jpg\" alt=\"foto\"\/>\n                    <p> La <strong>meilleure<\/strong> qualit\u00e9<\/p>\n            <h2>\n                Transparent\n                <br \/>\n                pour chaque plante\n            <\/h2>\n            <p>Ferry Verbeek est depuis plusieurs ann\u00e9es un leader dans le secteur horticole dans lequel, \u00e0 sa mani\u00e8re bien \u00e0 lui, il r\u00e9unit les cultivateurs et les clients. Par le biais d&rsquo;un r\u00e9seau appr\u00e9ci\u00e9 de cultivateurs, Ferry Verbeek Plantengroothandel peut rep\u00e9rer et livrer des plantes de qualit\u00e9 sup\u00e9rieure directement du cultivateur \u00e0 l&rsquo;acheteur.La qualit\u00e9 et le service rev\u00eatent une importance capitale pour nous. Pour y parvenir, une coop\u00e9ration fiable avec nos cultivateurs et nos clients est essentielle. Voil\u00e0 comment nous tissons des relations de longue date et nous en sommes fiers. Vous \u00eates curieux de savoir ce que nous pouvons faire pour votre jardinerie ? Nous serons heureux de vous donner des informations sur les possibilit\u00e9s.Notre gamme soigneusement s\u00e9lectionn\u00e9e peut facilement \u00eatre command\u00e9e 24h \/ 24, 7 j.\/7 via notre boutique en ligne.<\/p>\n            <a href=\"https:\/\/ferryverbeek.nl\/fr\/a-propos-de-nous\/\">\n                \u00c0 PROPOS DE NOUS            <\/a>\n        <h2>\n            Toujours\n            une longueur d&rsquo;avance\n        <\/h2>\n                        <a href=\"https:\/\/ferryverbeek.nl\/fr\/a-propos-de-nous\/\">\n                            <h3>\n                                Directement<br \/>\n                                du producteur\n                            <\/h3>\n                            <p>Par l&rsquo;interm\u00e9diaire de Ferry Verbeek, vous achetez directement aupr\u00e8s des meilleurs producteurs de plantes des Pays-Bas et de Belgique. Nous nous effor\u00e7ons de d\u00e9nicher quotidiennement les meilleures plantes chez les meilleurs producteurs des Pays-Bas et de Belgique.<\/p>\n                            <img decoding=\"async\" src=\"https:\/\/ferryverbeek.nl\/wp-content\/uploads\/2022\/03\/img_10-1.jpg\" alt=\"afbeelding\"\/>\n                        <\/a>\n                        <a href=\"https:\/\/ferryverbeek.nl\/fr\/a-propos-de-nous\/\">\n                            <h3>\n                                Nos<br \/>\n                                clients\n                            <\/h3>\n                            <p>Les clients satisfaits sont notre raison d&rsquo;\u00eatre. La qualit\u00e9, la transparence et le service sont nos principales priorit\u00e9s.<\/p>\n                            <img decoding=\"async\" src=\"https:\/\/ferryverbeek.nl\/wp-content\/uploads\/2022\/03\/img_9.jpg\" alt=\"afbeelding\"\/>\n                        <\/a>\n                        <a href=\"https:\/\/ferryverbeek.nl\/fr\/a-propos-de-nous\/\">\n                            <h3>\n                                La qualit\u00e9<br \/>\n                                avant tout\n                            <\/h3>\n                            <p>Depuis plus de 20 ans, nous sommes en mesure de garantir la qualit\u00e9 de nos plantes. Pour ce faire, nous collaborons uniquement avec les meilleurs producteurs sur lesquels nous pouvons compter.<\/p>\n                            <img decoding=\"async\" src=\"https:\/\/ferryverbeek.nl\/wp-content\/uploads\/2022\/05\/Ferry-Verbeek-Kwaliteit-bovenaan-website-planten_Tekengebied-1-1.jpg\" alt=\"afbeelding\"\/>\n                        <\/a>\n                        <a href=\"https:\/\/ferryverbeek.nl\/fr\/a-propos-de-nous\/\">\n                            <h3>\n                                Notre<br \/>\n                                boutique en ligne\n                            <\/h3>\n                            <p>Gr\u00e2ce \u00e0 notre boutique en ligne conviviale, les clients peuvent commander en ligne 24 heures sur 24 et 7 jours sur 7. Vous souhaitez \u00e9galement utiliser notre boutique en ligne et nos services ? Veuillez nous contacter pour discuter des possibilit\u00e9s.<\/p>\n                            <img decoding=\"async\" src=\"https:\/\/ferryverbeek.nl\/wp-content\/uploads\/2022\/05\/Ferry-Verbeek-Planten-webshop_Tekengebied-1-1.jpg\" alt=\"afbeelding\"\/>\n                        <\/a>\n        <img decoding=\"async\" :class=\"animate ? 'animate' : '' \" src=\"https:\/\/ferryverbeek.nl\/wp-content\/uploads\/2022\/03\/mobile-image-2.png\"\/>\n            <h2>D\u00e9couvrez notre assortiment actuel<\/h2>\n            <a href=\"https:\/\/shop.ferryverbeek.nl\/\">\n                Visitez notre boutique en ligne\n            <\/a>\n\n","protected":false},"excerpt":{"rendered":"<p>\u00ab\u00a0Via Ferry Verbeek, vous achetez directement aupr\u00e8s des meilleurs s\u00e9lectionneurs de plantes des Pays-Bas et de Belgique\u00a0\u00bb The power of Greens Opti-flor quality plants La meilleure qualit\u00e9 Transparent pour chaque plante Ferry Verbeek est depuis plusieurs ann\u00e9es un leader dans le secteur horticole dans lequel, \u00e0 sa mani\u00e8re bien \u00e0 lui, il r\u00e9unit les cultivateurs [&hellip;]<\/p>\n","protected":false},"author":6,"featured_media":0,"parent":0,"menu_order":0,"comment_status":"closed","ping_status":"closed","template":"","meta":{"_acf_changed":false,"inline_featured_image":false,"footnotes":""},"class_list":["post-536","page","type-page","status-publish","hentry"],"acf":[],"yoast_head":"<!-- This site is optimized with the Yoast SEO plugin v22.7 - https:\/\/yoast.com\/wordpress\/plugins\/seo\/ -->\n<title>Ferry Verbeek Plantengroothandel | Directement depuis chez le producteur<\/title>\n<meta name=\"description\" content=\"Acheter des plantes des meilleurs producteurs des Pays-Bas de mani\u00e8re simple et transparent ? Alors Ferry Verbeek est votre partenaire id\u00e9al\" \/>\n<meta name=\"robots\" content=\"index, follow, max-snippet:-1, max-image-preview:large, max-video-preview:-1\" \/>\n<link rel=\"canonical\" href=\"https:\/\/ferryverbeek.nl\/fr\/\" \/>\n<meta property=\"og:locale\" content=\"fr_FR\" \/>\n<meta property=\"og:type\" content=\"article\" \/>\n<meta property=\"og:title\" content=\"Ferry Verbeek Plantengroothandel | Directement depuis chez le producteur\" \/>\n<meta property=\"og:description\" content=\"Acheter des plantes des meilleurs producteurs des Pays-Bas de mani\u00e8re simple et transparent ? Alors Ferry Verbeek est votre partenaire id\u00e9al\" \/>\n<meta property=\"og:url\" content=\"https:\/\/ferryverbeek.nl\/fr\/\" \/>\n<meta property=\"og:site_name\" content=\"Ferry Verbeek\" \/>\n<meta property=\"article:modified_time\" content=\"2022-07-15T14:38:21+00:00\" \/>\n<meta property=\"og:image\" content=\"https:\/\/ferryverbeek.nl\/wp-content\/uploads\/2022\/03\/logo-rotated-1.svg\" \/>\n<meta name=\"twitter:card\" content=\"summary_large_image\" \/>\n<meta name=\"twitter:label1\" content=\"Dur\u00e9e de lecture estim\u00e9e\" \/>\n\t<meta name=\"twitter:data1\" content=\"2 minutes\" \/>\n<script type=\"application\/ld+json\" class=\"yoast-schema-graph\">{\"@context\":\"https:\/\/schema.org\",\"@graph\":[{\"@type\":\"WebPage\",\"@id\":\"https:\/\/ferryverbeek.nl\/fr\/\",\"url\":\"https:\/\/ferryverbeek.nl\/fr\/\",\"name\":\"Ferry Verbeek Plantengroothandel | Directement depuis chez le producteur\",\"isPartOf\":{\"@id\":\"https:\/\/ferryverbeek.nl\/fr\/#website\"},\"primaryImageOfPage\":{\"@id\":\"https:\/\/ferryverbeek.nl\/fr\/#primaryimage\"},\"image\":{\"@id\":\"https:\/\/ferryverbeek.nl\/fr\/#primaryimage\"},\"thumbnailUrl\":\"https:\/\/ferryverbeek.nl\/wp-content\/uploads\/2022\/03\/logo-rotated-1.svg\",\"datePublished\":\"2022-02-28T10:29:01+00:00\",\"dateModified\":\"2022-07-15T14:38:21+00:00\",\"description\":\"Acheter des plantes des meilleurs producteurs des Pays-Bas de mani\u00e8re simple et transparent ? Alors Ferry Verbeek est votre partenaire id\u00e9al\",\"breadcrumb\":{\"@id\":\"https:\/\/ferryverbeek.nl\/fr\/#breadcrumb\"},\"inLanguage\":\"fr-FR\",\"potentialAction\":[{\"@type\":\"ReadAction\",\"target\":[\"https:\/\/ferryverbeek.nl\/fr\/\"]}]},{\"@type\":\"ImageObject\",\"inLanguage\":\"fr-FR\",\"@id\":\"https:\/\/ferryverbeek.nl\/fr\/#primaryimage\",\"url\":\"https:\/\/ferryverbeek.nl\/wp-content\/uploads\/2022\/03\/logo-rotated-1.svg\",\"contentUrl\":\"https:\/\/ferryverbeek.nl\/wp-content\/uploads\/2022\/03\/logo-rotated-1.svg\"},{\"@type\":\"BreadcrumbList\",\"@id\":\"https:\/\/ferryverbeek.nl\/fr\/#breadcrumb\",\"itemListElement\":[{\"@type\":\"ListItem\",\"position\":1,\"name\":\"Home\",\"item\":\"https:\/\/ferryverbeek.nl\/fr\/\"},{\"@type\":\"ListItem\",\"position\":2,\"name\":\"Accueil\"}]},{\"@type\":\"WebSite\",\"@id\":\"https:\/\/ferryverbeek.nl\/fr\/#website\",\"url\":\"https:\/\/ferryverbeek.nl\/fr\/\",\"name\":\"Ferry Verbeek\",\"description\":\"plantengroothandel\",\"potentialAction\":[{\"@type\":\"SearchAction\",\"target\":{\"@type\":\"EntryPoint\",\"urlTemplate\":\"https:\/\/ferryverbeek.nl\/fr\/?s={search_term_string}\"},\"query-input\":\"required name=search_term_string\"}],\"inLanguage\":\"fr-FR\"}]}<\/script>\n<!-- \/ Yoast SEO plugin. -->","yoast_head_json":{"title":"Ferry Verbeek Plantengroothandel | Directement depuis chez le producteur","description":"Acheter des plantes des meilleurs producteurs des Pays-Bas de mani\u00e8re simple et transparent ? Alors Ferry Verbeek est votre partenaire id\u00e9al","robots":{"index":"index","follow":"follow","max-snippet":"max-snippet:-1","max-image-preview":"max-image-preview:large","max-video-preview":"max-video-preview:-1"},"canonical":"https:\/\/ferryverbeek.nl\/fr\/","og_locale":"fr_FR","og_type":"article","og_title":"Ferry Verbeek Plantengroothandel | Directement depuis chez le producteur","og_description":"Acheter des plantes des meilleurs producteurs des Pays-Bas de mani\u00e8re simple et transparent ? Alors Ferry Verbeek est votre partenaire id\u00e9al","og_url":"https:\/\/ferryverbeek.nl\/fr\/","og_site_name":"Ferry Verbeek","article_modified_time":"2022-07-15T14:38:21+00:00","og_image":[{"url":"https:\/\/ferryverbeek.nl\/wp-content\/uploads\/2022\/03\/logo-rotated-1.svg"}],"twitter_card":"summary_large_image","twitter_misc":{"Dur\u00e9e de lecture estim\u00e9e":"2 minutes"},"schema":{"@context":"https:\/\/schema.org","@graph":[{"@type":"WebPage","@id":"https:\/\/ferryverbeek.nl\/fr\/","url":"https:\/\/ferryverbeek.nl\/fr\/","name":"Ferry Verbeek Plantengroothandel | Directement depuis chez le producteur","isPartOf":{"@id":"https:\/\/ferryverbeek.nl\/fr\/#website"},"primaryImageOfPage":{"@id":"https:\/\/ferryverbeek.nl\/fr\/#primaryimage"},"image":{"@id":"https:\/\/ferryverbeek.nl\/fr\/#primaryimage"},"thumbnailUrl":"https:\/\/ferryverbeek.nl\/wp-content\/uploads\/2022\/03\/logo-rotated-1.svg","datePublished":"2022-02-28T10:29:01+00:00","dateModified":"2022-07-15T14:38:21+00:00","description":"Acheter des plantes des meilleurs producteurs des Pays-Bas de mani\u00e8re simple et transparent ? Alors Ferry Verbeek est votre partenaire id\u00e9al","breadcrumb":{"@id":"https:\/\/ferryverbeek.nl\/fr\/#breadcrumb"},"inLanguage":"fr-FR","potentialAction":[{"@type":"ReadAction","target":["https:\/\/ferryverbeek.nl\/fr\/"]}]},{"@type":"ImageObject","inLanguage":"fr-FR","@id":"https:\/\/ferryverbeek.nl\/fr\/#primaryimage","url":"https:\/\/ferryverbeek.nl\/wp-content\/uploads\/2022\/03\/logo-rotated-1.svg","contentUrl":"https:\/\/ferryverbeek.nl\/wp-content\/uploads\/2022\/03\/logo-rotated-1.svg"},{"@type":"BreadcrumbList","@id":"https:\/\/ferryverbeek.nl\/fr\/#breadcrumb","itemListElement":[{"@type":"ListItem","position":1,"name":"Home","item":"https:\/\/ferryverbeek.nl\/fr\/"},{"@type":"ListItem","position":2,"name":"Accueil"}]},{"@type":"WebSite","@id":"https:\/\/ferryverbeek.nl\/fr\/#website","url":"https:\/\/ferryverbeek.nl\/fr\/","name":"Ferry Verbeek","description":"plantengroothandel","potentialAction":[{"@type":"SearchAction","target":{"@type":"EntryPoint","urlTemplate":"https:\/\/ferryverbeek.nl\/fr\/?s={search_term_string}"},"query-input":"required name=search_term_string"}],"inLanguage":"fr-FR"}]}},"_links":{"self":[{"href":"https:\/\/ferryverbeek.nl\/fr\/wp-json\/wp\/v2\/pages\/536","targetHints":{"allow":["GET"]}}],"collection":[{"href":"https:\/\/ferryverbeek.nl\/fr\/wp-json\/wp\/v2\/pages"}],"about":[{"href":"https:\/\/ferryverbeek.nl\/fr\/wp-json\/wp\/v2\/types\/page"}],"author":[{"embeddable":true,"href":"https:\/\/ferryverbeek.nl\/fr\/wp-json\/wp\/v2\/users\/6"}],"replies":[{"embeddable":true,"href":"https:\/\/ferryverbeek.nl\/fr\/wp-json\/wp\/v2\/comments?post=536"}],"version-history":[{"count":18,"href":"https:\/\/ferryverbeek.nl\/fr\/wp-json\/wp\/v2\/pages\/536\/revisions"}],"predecessor-version":[{"id":671,"href":"https:\/\/ferryverbeek.nl\/fr\/wp-json\/wp\/v2\/pages\/536\/revisions\/671"}],"wp:attachment":[{"href":"https:\/\/ferryverbeek.nl\/fr\/wp-json\/wp\/v2\/media?parent=536"}],"curies":[{"name":"wp","href":"https:\/\/api.w.org\/{rel}","templated":true}]}}