{"id":592,"date":"2022-02-28T11:29:56","date_gmt":"2022-02-28T10:29:56","guid":{"rendered":"https:\/\/ferryverbeek.nl\/team\/"},"modified":"2025-10-22T16:15:31","modified_gmt":"2025-10-22T14:15:31","slug":"team","status":"publish","type":"page","link":"https:\/\/ferryverbeek.nl\/de\/team\/","title":{"rendered":"Team"},"content":{"rendered":"\n\n        <h1>\n            Unsere\n            Team\n        <\/h1>\n                    <img decoding=\"async\" src=\"https:\/\/ferryverbeek.nl\/wp-content\/uploads\/2022\/03\/team_1.jpg\" alt=\"Ferry Verbeek\"\/>\n                <p>Ferry Verbeek<\/p>\n                <p>Eigent\u00fcmer<\/p>\n                    <img decoding=\"async\" src=\"http:\/\/ferryverbeek.nl\/wp-content\/uploads\/2023\/09\/Portret-2-copy.png\" alt=\"Jeff Verbeek\"\/>\n                <p>Jeff Verbeek<\/p>\n                <p>Einkauf<\/p>\n                    <img decoding=\"async\" src=\"https:\/\/ferryverbeek.nl\/wp-content\/uploads\/2022\/03\/team_3.jpg\" alt=\"Ellen Verbeek\"\/>\n                <p>Ellen Verbeek<\/p>\n                <p>Finanzverwaltung<\/p>\n                    <img decoding=\"async\" src=\"https:\/\/ferryverbeek.nl\/wp-content\/uploads\/2022\/03\/team_4.jpg\" alt=\"Henry Doornekamp\"\/>\n                <p>Henry Doornekamp<\/p>\n                <p>Vertrieb<\/p>\n                    <img decoding=\"async\" src=\"http:\/\/ferryverbeek.nl\/wp-content\/uploads\/2023\/09\/Portret-1-copy.png\" alt=\"Melle Mandemakers\"\/>\n                <p>Melle Mandemakers<\/p>\n                <p>Vertrieb<\/p>\n                    <img decoding=\"async\" src=\"https:\/\/ferryverbeek.nl\/wp-content\/uploads\/2022\/03\/team_6.jpg\" alt=\"Floris Klop\"\/>\n                <p>Floris Klop<\/p>\n                <p>Logistik<\/p>\n                    <img decoding=\"async\" src=\"http:\/\/ferryverbeek.nl\/wp-content\/uploads\/2023\/09\/Portret-4-copy.png\" alt=\"Sven Verbeek \"\/>\n                <p>Sven Verbeek <\/p>\n                <p>Logistik<\/p>\n                    <img decoding=\"async\" src=\"https:\/\/ferryverbeek.nl\/wp-content\/uploads\/2022\/03\/team_7.jpg\" alt=\"Jeffrey de Bruijn\"\/>\n                <p>Jeffrey de Bruijn<\/p>\n                <p>Logistik<\/p>\n                    <img decoding=\"async\" src=\"https:\/\/ferryverbeek.nl\/wp-content\/uploads\/2022\/03\/team_8.jpg\" alt=\"Lianne van den Heuvel\"\/>\n                <p>Lianne van den Heuvel<\/p>\n                <p>Verwaltung<\/p>\n                    <img decoding=\"async\" src=\"http:\/\/ferryverbeek.nl\/wp-content\/uploads\/2023\/09\/Portret-3-copy.png\" alt=\"Lucas Doornekamp\"\/>\n                <p>Lucas Doornekamp<\/p>\n                <p>Auszubildender<\/p>\n        <img decoding=\"async\" :class=\"animate ? 'animate' : '' \" src=\"https:\/\/ferryverbeek.nl\/wp-content\/uploads\/2022\/03\/mobile-image-2.png\"\/>\n            <h2>Schauen Sie sich unser Sortiment an<\/h2>\n            <a href=\"https:\/\/shop.ferryverbeek.nl\/\">\n                Besuchen Sie unseren Online-Shop\n            <\/a>\n\n","protected":false},"excerpt":{"rendered":"<p>Unsere Team Ferry Verbeek Eigent\u00fcmer Jeff Verbeek Einkauf Ellen Verbeek Finanzverwaltung Henry Doornekamp Vertrieb Melle Mandemakers Vertrieb Floris Klop Logistik Sven Verbeek Logistik Jeffrey de Bruijn Logistik Lianne van den Heuvel Verwaltung Lucas Doornekamp Auszubildender Schauen Sie sich unser Sortiment an Besuchen Sie unseren Online-Shop<\/p>\n","protected":false},"author":6,"featured_media":0,"parent":0,"menu_order":0,"comment_status":"closed","ping_status":"closed","template":"","meta":{"_acf_changed":false,"inline_featured_image":false,"footnotes":""},"class_list":["post-592","page","type-page","status-publish","hentry"],"acf":[],"yoast_head":"<!-- This site is optimized with the Yoast SEO plugin v22.7 - https:\/\/yoast.com\/wordpress\/plugins\/seo\/ -->\n<title>Unsere Team | Ferry Verbeek Plantengroothandel<\/title>\n<meta name=\"description\" content=\"Unsere Eink\u00e4ufer besuchen die Z\u00fcchter jede Woche. Das ist die St\u00e4rke von Ferry Verbeek Plantengroothandel. Lernen Sie unser Team kennen.\" \/>\n<meta name=\"robots\" content=\"index, follow, max-snippet:-1, max-image-preview:large, max-video-preview:-1\" \/>\n<link rel=\"canonical\" href=\"https:\/\/ferryverbeek.nl\/de\/team\/\" \/>\n<meta property=\"og:locale\" content=\"de_DE\" \/>\n<meta property=\"og:type\" content=\"article\" \/>\n<meta property=\"og:title\" content=\"Unsere Team | Ferry Verbeek Plantengroothandel\" \/>\n<meta property=\"og:description\" content=\"Unsere Eink\u00e4ufer besuchen die Z\u00fcchter jede Woche. Das ist die St\u00e4rke von Ferry Verbeek Plantengroothandel. Lernen Sie unser Team kennen.\" \/>\n<meta property=\"og:url\" content=\"https:\/\/ferryverbeek.nl\/de\/team\/\" \/>\n<meta property=\"og:site_name\" content=\"Ferry Verbeek\" \/>\n<meta property=\"article:modified_time\" content=\"2025-10-22T14:15:31+00:00\" \/>\n<meta property=\"og:image\" content=\"https:\/\/ferryverbeek.nl\/wp-content\/uploads\/2022\/03\/team_1.jpg\" \/>\n<meta name=\"twitter:card\" content=\"summary_large_image\" \/>\n<script type=\"application\/ld+json\" class=\"yoast-schema-graph\">{\"@context\":\"https:\/\/schema.org\",\"@graph\":[{\"@type\":\"WebPage\",\"@id\":\"https:\/\/ferryverbeek.nl\/de\/team\/\",\"url\":\"https:\/\/ferryverbeek.nl\/de\/team\/\",\"name\":\"Unsere Team | Ferry Verbeek Plantengroothandel\",\"isPartOf\":{\"@id\":\"https:\/\/ferryverbeek.nl\/de\/#website\"},\"primaryImageOfPage\":{\"@id\":\"https:\/\/ferryverbeek.nl\/de\/team\/#primaryimage\"},\"image\":{\"@id\":\"https:\/\/ferryverbeek.nl\/de\/team\/#primaryimage\"},\"thumbnailUrl\":\"https:\/\/ferryverbeek.nl\/wp-content\/uploads\/2022\/03\/team_1.jpg\",\"datePublished\":\"2022-02-28T10:29:56+00:00\",\"dateModified\":\"2025-10-22T14:15:31+00:00\",\"description\":\"Unsere Eink\u00e4ufer besuchen die Z\u00fcchter jede Woche. Das ist die St\u00e4rke von Ferry Verbeek Plantengroothandel. Lernen Sie unser Team kennen.\",\"breadcrumb\":{\"@id\":\"https:\/\/ferryverbeek.nl\/de\/team\/#breadcrumb\"},\"inLanguage\":\"de\",\"potentialAction\":[{\"@type\":\"ReadAction\",\"target\":[\"https:\/\/ferryverbeek.nl\/de\/team\/\"]}]},{\"@type\":\"ImageObject\",\"inLanguage\":\"de\",\"@id\":\"https:\/\/ferryverbeek.nl\/de\/team\/#primaryimage\",\"url\":\"https:\/\/ferryverbeek.nl\/wp-content\/uploads\/2022\/03\/team_1.jpg\",\"contentUrl\":\"https:\/\/ferryverbeek.nl\/wp-content\/uploads\/2022\/03\/team_1.jpg\"},{\"@type\":\"BreadcrumbList\",\"@id\":\"https:\/\/ferryverbeek.nl\/de\/team\/#breadcrumb\",\"itemListElement\":[{\"@type\":\"ListItem\",\"position\":1,\"name\":\"Home\",\"item\":\"https:\/\/ferryverbeek.nl\/de\/\"},{\"@type\":\"ListItem\",\"position\":2,\"name\":\"Team\"}]},{\"@type\":\"WebSite\",\"@id\":\"https:\/\/ferryverbeek.nl\/de\/#website\",\"url\":\"https:\/\/ferryverbeek.nl\/de\/\",\"name\":\"Ferry Verbeek\",\"description\":\"plantengroothandel\",\"potentialAction\":[{\"@type\":\"SearchAction\",\"target\":{\"@type\":\"EntryPoint\",\"urlTemplate\":\"https:\/\/ferryverbeek.nl\/de\/?s={search_term_string}\"},\"query-input\":\"required name=search_term_string\"}],\"inLanguage\":\"de\"}]}<\/script>\n<!-- \/ Yoast SEO plugin. -->","yoast_head_json":{"title":"Unsere Team | Ferry Verbeek Plantengroothandel","description":"Unsere Eink\u00e4ufer besuchen die Z\u00fcchter jede Woche. Das ist die St\u00e4rke von Ferry Verbeek Plantengroothandel. Lernen Sie unser Team kennen.","robots":{"index":"index","follow":"follow","max-snippet":"max-snippet:-1","max-image-preview":"max-image-preview:large","max-video-preview":"max-video-preview:-1"},"canonical":"https:\/\/ferryverbeek.nl\/de\/team\/","og_locale":"de_DE","og_type":"article","og_title":"Unsere Team | Ferry Verbeek Plantengroothandel","og_description":"Unsere Eink\u00e4ufer besuchen die Z\u00fcchter jede Woche. Das ist die St\u00e4rke von Ferry Verbeek Plantengroothandel. Lernen Sie unser Team kennen.","og_url":"https:\/\/ferryverbeek.nl\/de\/team\/","og_site_name":"Ferry Verbeek","article_modified_time":"2025-10-22T14:15:31+00:00","og_image":[{"url":"https:\/\/ferryverbeek.nl\/wp-content\/uploads\/2022\/03\/team_1.jpg"}],"twitter_card":"summary_large_image","schema":{"@context":"https:\/\/schema.org","@graph":[{"@type":"WebPage","@id":"https:\/\/ferryverbeek.nl\/de\/team\/","url":"https:\/\/ferryverbeek.nl\/de\/team\/","name":"Unsere Team | Ferry Verbeek Plantengroothandel","isPartOf":{"@id":"https:\/\/ferryverbeek.nl\/de\/#website"},"primaryImageOfPage":{"@id":"https:\/\/ferryverbeek.nl\/de\/team\/#primaryimage"},"image":{"@id":"https:\/\/ferryverbeek.nl\/de\/team\/#primaryimage"},"thumbnailUrl":"https:\/\/ferryverbeek.nl\/wp-content\/uploads\/2022\/03\/team_1.jpg","datePublished":"2022-02-28T10:29:56+00:00","dateModified":"2025-10-22T14:15:31+00:00","description":"Unsere Eink\u00e4ufer besuchen die Z\u00fcchter jede Woche. Das ist die St\u00e4rke von Ferry Verbeek Plantengroothandel. Lernen Sie unser Team kennen.","breadcrumb":{"@id":"https:\/\/ferryverbeek.nl\/de\/team\/#breadcrumb"},"inLanguage":"de","potentialAction":[{"@type":"ReadAction","target":["https:\/\/ferryverbeek.nl\/de\/team\/"]}]},{"@type":"ImageObject","inLanguage":"de","@id":"https:\/\/ferryverbeek.nl\/de\/team\/#primaryimage","url":"https:\/\/ferryverbeek.nl\/wp-content\/uploads\/2022\/03\/team_1.jpg","contentUrl":"https:\/\/ferryverbeek.nl\/wp-content\/uploads\/2022\/03\/team_1.jpg"},{"@type":"BreadcrumbList","@id":"https:\/\/ferryverbeek.nl\/de\/team\/#breadcrumb","itemListElement":[{"@type":"ListItem","position":1,"name":"Home","item":"https:\/\/ferryverbeek.nl\/de\/"},{"@type":"ListItem","position":2,"name":"Team"}]},{"@type":"WebSite","@id":"https:\/\/ferryverbeek.nl\/de\/#website","url":"https:\/\/ferryverbeek.nl\/de\/","name":"Ferry Verbeek","description":"plantengroothandel","potentialAction":[{"@type":"SearchAction","target":{"@type":"EntryPoint","urlTemplate":"https:\/\/ferryverbeek.nl\/de\/?s={search_term_string}"},"query-input":"required name=search_term_string"}],"inLanguage":"de"}]}},"_links":{"self":[{"href":"https:\/\/ferryverbeek.nl\/de\/wp-json\/wp\/v2\/pages\/592","targetHints":{"allow":["GET"]}}],"collection":[{"href":"https:\/\/ferryverbeek.nl\/de\/wp-json\/wp\/v2\/pages"}],"about":[{"href":"https:\/\/ferryverbeek.nl\/de\/wp-json\/wp\/v2\/types\/page"}],"author":[{"embeddable":true,"href":"https:\/\/ferryverbeek.nl\/de\/wp-json\/wp\/v2\/users\/6"}],"replies":[{"embeddable":true,"href":"https:\/\/ferryverbeek.nl\/de\/wp-json\/wp\/v2\/comments?post=592"}],"version-history":[{"count":4,"href":"https:\/\/ferryverbeek.nl\/de\/wp-json\/wp\/v2\/pages\/592\/revisions"}],"predecessor-version":[{"id":724,"href":"https:\/\/ferryverbeek.nl\/de\/wp-json\/wp\/v2\/pages\/592\/revisions\/724"}],"wp:attachment":[{"href":"https:\/\/ferryverbeek.nl\/de\/wp-json\/wp\/v2\/media?parent=592"}],"curies":[{"name":"wp","href":"https:\/\/api.w.org\/{rel}","templated":true}]}}