{"id":591,"date":"2022-02-28T11:29:56","date_gmt":"2022-02-28T10:29:56","guid":{"rendered":"https:\/\/ferryverbeek.nl\/ueber-uns\/"},"modified":"2022-05-23T13:09:40","modified_gmt":"2022-05-23T11:09:40","slug":"ueber-uns","status":"publish","type":"page","link":"https:\/\/ferryverbeek.nl\/de\/ueber-uns\/","title":{"rendered":"\u00dcBER UNS"},"content":{"rendered":"\n\n        <h1>\n            \u00dcBER\n            UNS\n        <\/h1>\n            <img decoding=\"async\" src=\"https:\/\/ferryverbeek.nl\/wp-content\/uploads\/2022\/05\/Over-ons-Ferry-Verbeek-kamer-en-tuin-planten.jpg\"\/>\n                <h2>Die besseren Z\u00fcchter aus den Niederlanden und Belgien<\/h2>\n                Wir kennen unsere Z\u00fcchter und die Z\u00fcchter kennen uns. Deswegen ist die Zusammenarbeit angenehm und effizient, und jeder holt das Beste aus sich heraus. Dieses enge Netzwerk ist einer der Gr\u00fcnde daf\u00fcr, dass wir Tag f\u00fcr Tag hochwertige Zimmer- und Gartenpflanzen liefern k\u00f6nnen.\n        <h2>\n            Immer\n            einen Schritt voraus\n        <\/h2>\n                        <a href=\"\/de\/ueber-uns\/\">\n                            <h3>\n                                Direkt<br \/>\n                                vom Z\u00fcchter\n                            <\/h3>\n                            <p>\u00dcber Ferry Verbeek kaufen Sie direkt bei den besten Pflanzenz\u00fcchtern aus den Niederlanden und aus Belgien. Wir streben danach, jeden Tag die sch\u00f6nsten Pflanzen bei den besseren Z\u00fcchtern aus den Niederlanden und aus Belgien zusammenzustellen.<\/p>\n                            <img decoding=\"async\" src=\"https:\/\/ferryverbeek.nl\/wp-content\/uploads\/2022\/03\/img_10-1.jpg\" alt=\"afbeelding\"\/>\n                        <\/a>\n                        <a href=\"\/de\/ueber-uns\/\">\n                            <h3>\n                                Unsere<br \/>\n                                Kunden\n                            <\/h3>\n                            <p>Zufriedene Kunden, darum geht es uns. Qualit\u00e4t, Transparenz und Service stehen bei uns an erster Stelle.<\/p>\n                            <img decoding=\"async\" src=\"https:\/\/ferryverbeek.nl\/wp-content\/uploads\/2022\/03\/img_9.jpg\" alt=\"afbeelding\"\/>\n                        <\/a>\n                        <a href=\"\/de\/ueber-uns\/\">\n                            <h3>\n                                Qualit\u00e4t<br \/>\n                                auf Platz 1\n                            <\/h3>\n                            <p>Seit \u00fcber 20 Jahren garantieren wir die Qualit\u00e4t unserer Pflanzen. Das gelingt uns, weil wir ausschlie\u00dflich mit den besten Z\u00fcchtern zusammenarbeiten, auf die wir uns verlassen k\u00f6nnen.<\/p>\n                            <img decoding=\"async\" src=\"https:\/\/ferryverbeek.nl\/wp-content\/uploads\/2022\/05\/Ferry-Verbeek-Kwaliteit-bovenaan-website-planten_Tekengebied-1-1.jpg\" alt=\"afbeelding\"\/>\n                        <\/a>\n                        <a href=\"https:\/\/shop.ferryverbeek.nl\/\">\n                            <h3>\n                                Unser<br \/>\n                                Online-Shop\n                            <\/h3>\n                            <p>In unserem benutzerfreundlichen Online-Shop k\u00f6nnen Kunden 24\/7 online bestellen. M\u00f6chten auch Sie unseren Online-Shop und unseren Service nutzen? Bitte kontaktieren Sie uns.<\/p>\n                            <img decoding=\"async\" src=\"https:\/\/ferryverbeek.nl\/wp-content\/uploads\/2022\/05\/Ferry-Verbeek-Planten-webshop_Tekengebied-1-1.jpg\" alt=\"afbeelding\"\/>\n                        <\/a>\n            <img decoding=\"async\" src=\"https:\/\/ferryverbeek.nl\/wp-content\/uploads\/2022\/05\/Over-ons-Ferry-Verbeek-kamer-en-tuin-planten-stap-meer.jpg\"\/>\n            <h2>Immer einen Schritt weiter<\/h2>\n            <p>Es ist viel wert, wenn Sie auf einen fairen und zuverl\u00e4ssigen Lieferanten bauen k\u00f6nnen. Ferry Verbeek geht f\u00fcr seine Kunden immer einen Schritt weiter, nicht nur in Bezug auf das Angebot, sondern auch bei der Zusammenarbeit und beim Service.Gemeinsam mit unseren Z\u00fcchtern sorgen wir daf\u00fcr, dass unsere Kunden nur die besten Pflanzen bekommen. \u00dcber unseren benutzerfreundlichen Online-Shop k\u00f6nnen unsere Kunden 24\/7 ihre Bestellungen online aufgeben.<\/p>\n            <a href=\"https:\/\/ferryverbeek.nl\/de\/kontakt\/\">kontaktiere <\/a>\n\n","protected":false},"excerpt":{"rendered":"<p>\u00dcBER UNS Die besseren Z\u00fcchter aus den Niederlanden und Belgien Wir kennen unsere Z\u00fcchter und die Z\u00fcchter kennen uns. Deswegen ist die Zusammenarbeit angenehm und effizient, und jeder holt das Beste aus sich heraus. Dieses enge Netzwerk ist einer der Gr\u00fcnde daf\u00fcr, dass wir Tag f\u00fcr Tag hochwertige Zimmer- und Gartenpflanzen liefern k\u00f6nnen. Immer einen [&hellip;]<\/p>\n","protected":false},"author":6,"featured_media":0,"parent":0,"menu_order":0,"comment_status":"closed","ping_status":"closed","template":"","meta":{"_acf_changed":false,"inline_featured_image":false,"footnotes":""},"class_list":["post-591","page","type-page","status-publish","hentry"],"acf":[],"yoast_head":"<!-- This site is optimized with the Yoast SEO plugin v22.7 - https:\/\/yoast.com\/wordpress\/plugins\/seo\/ -->\n<title>Qualit\u00e4t auf Platz 1 | Ferry Verbeek Plantengroothandel<\/title>\n<meta name=\"description\" content=\"Mit unseren Z\u00fcchtern beliefern wir Kunden nur mit den besten Pflanzen. Neugierig, was wir f\u00fcr Sie tun k\u00f6nnen? Nehmen Sie Kontakt auf.\" \/>\n<meta name=\"robots\" content=\"index, follow, max-snippet:-1, max-image-preview:large, max-video-preview:-1\" \/>\n<link rel=\"canonical\" href=\"https:\/\/ferryverbeek.nl\/de\/ueber-uns\/\" \/>\n<meta property=\"og:locale\" content=\"de_DE\" \/>\n<meta property=\"og:type\" content=\"article\" \/>\n<meta property=\"og:title\" content=\"Qualit\u00e4t auf Platz 1 | Ferry Verbeek Plantengroothandel\" \/>\n<meta property=\"og:description\" content=\"Mit unseren Z\u00fcchtern beliefern wir Kunden nur mit den besten Pflanzen. Neugierig, was wir f\u00fcr Sie tun k\u00f6nnen? Nehmen Sie Kontakt auf.\" \/>\n<meta property=\"og:url\" content=\"https:\/\/ferryverbeek.nl\/de\/ueber-uns\/\" \/>\n<meta property=\"og:site_name\" content=\"Ferry Verbeek\" \/>\n<meta property=\"article:modified_time\" content=\"2022-05-23T11:09:40+00:00\" \/>\n<meta property=\"og:image\" content=\"https:\/\/ferryverbeek.nl\/wp-content\/uploads\/2022\/05\/Over-ons-Ferry-Verbeek-kamer-en-tuin-planten.jpg\" \/>\n<meta name=\"twitter:card\" content=\"summary_large_image\" \/>\n<meta name=\"twitter:label1\" content=\"Gesch\u00e4tzte Lesezeit\" \/>\n\t<meta name=\"twitter:data1\" content=\"1\u00a0Minute\" \/>\n<script type=\"application\/ld+json\" class=\"yoast-schema-graph\">{\"@context\":\"https:\/\/schema.org\",\"@graph\":[{\"@type\":\"WebPage\",\"@id\":\"https:\/\/ferryverbeek.nl\/de\/ueber-uns\/\",\"url\":\"https:\/\/ferryverbeek.nl\/de\/ueber-uns\/\",\"name\":\"Qualit\u00e4t auf Platz 1 | Ferry Verbeek Plantengroothandel\",\"isPartOf\":{\"@id\":\"https:\/\/ferryverbeek.nl\/de\/#website\"},\"primaryImageOfPage\":{\"@id\":\"https:\/\/ferryverbeek.nl\/de\/ueber-uns\/#primaryimage\"},\"image\":{\"@id\":\"https:\/\/ferryverbeek.nl\/de\/ueber-uns\/#primaryimage\"},\"thumbnailUrl\":\"https:\/\/ferryverbeek.nl\/wp-content\/uploads\/2022\/05\/Over-ons-Ferry-Verbeek-kamer-en-tuin-planten.jpg\",\"datePublished\":\"2022-02-28T10:29:56+00:00\",\"dateModified\":\"2022-05-23T11:09:40+00:00\",\"description\":\"Mit unseren Z\u00fcchtern beliefern wir Kunden nur mit den besten Pflanzen. Neugierig, was wir f\u00fcr Sie tun k\u00f6nnen? Nehmen Sie Kontakt auf.\",\"breadcrumb\":{\"@id\":\"https:\/\/ferryverbeek.nl\/de\/ueber-uns\/#breadcrumb\"},\"inLanguage\":\"de\",\"potentialAction\":[{\"@type\":\"ReadAction\",\"target\":[\"https:\/\/ferryverbeek.nl\/de\/ueber-uns\/\"]}]},{\"@type\":\"ImageObject\",\"inLanguage\":\"de\",\"@id\":\"https:\/\/ferryverbeek.nl\/de\/ueber-uns\/#primaryimage\",\"url\":\"https:\/\/ferryverbeek.nl\/wp-content\/uploads\/2022\/05\/Over-ons-Ferry-Verbeek-kamer-en-tuin-planten.jpg\",\"contentUrl\":\"https:\/\/ferryverbeek.nl\/wp-content\/uploads\/2022\/05\/Over-ons-Ferry-Verbeek-kamer-en-tuin-planten.jpg\"},{\"@type\":\"BreadcrumbList\",\"@id\":\"https:\/\/ferryverbeek.nl\/de\/ueber-uns\/#breadcrumb\",\"itemListElement\":[{\"@type\":\"ListItem\",\"position\":1,\"name\":\"Home\",\"item\":\"https:\/\/ferryverbeek.nl\/de\/\"},{\"@type\":\"ListItem\",\"position\":2,\"name\":\"\u00dcBER UNS\"}]},{\"@type\":\"WebSite\",\"@id\":\"https:\/\/ferryverbeek.nl\/de\/#website\",\"url\":\"https:\/\/ferryverbeek.nl\/de\/\",\"name\":\"Ferry Verbeek\",\"description\":\"plantengroothandel\",\"potentialAction\":[{\"@type\":\"SearchAction\",\"target\":{\"@type\":\"EntryPoint\",\"urlTemplate\":\"https:\/\/ferryverbeek.nl\/de\/?s={search_term_string}\"},\"query-input\":\"required name=search_term_string\"}],\"inLanguage\":\"de\"}]}<\/script>\n<!-- \/ Yoast SEO plugin. -->","yoast_head_json":{"title":"Qualit\u00e4t auf Platz 1 | Ferry Verbeek Plantengroothandel","description":"Mit unseren Z\u00fcchtern beliefern wir Kunden nur mit den besten Pflanzen. Neugierig, was wir f\u00fcr Sie tun k\u00f6nnen? Nehmen Sie Kontakt auf.","robots":{"index":"index","follow":"follow","max-snippet":"max-snippet:-1","max-image-preview":"max-image-preview:large","max-video-preview":"max-video-preview:-1"},"canonical":"https:\/\/ferryverbeek.nl\/de\/ueber-uns\/","og_locale":"de_DE","og_type":"article","og_title":"Qualit\u00e4t auf Platz 1 | Ferry Verbeek Plantengroothandel","og_description":"Mit unseren Z\u00fcchtern beliefern wir Kunden nur mit den besten Pflanzen. Neugierig, was wir f\u00fcr Sie tun k\u00f6nnen? Nehmen Sie Kontakt auf.","og_url":"https:\/\/ferryverbeek.nl\/de\/ueber-uns\/","og_site_name":"Ferry Verbeek","article_modified_time":"2022-05-23T11:09:40+00:00","og_image":[{"url":"https:\/\/ferryverbeek.nl\/wp-content\/uploads\/2022\/05\/Over-ons-Ferry-Verbeek-kamer-en-tuin-planten.jpg"}],"twitter_card":"summary_large_image","twitter_misc":{"Gesch\u00e4tzte Lesezeit":"1\u00a0Minute"},"schema":{"@context":"https:\/\/schema.org","@graph":[{"@type":"WebPage","@id":"https:\/\/ferryverbeek.nl\/de\/ueber-uns\/","url":"https:\/\/ferryverbeek.nl\/de\/ueber-uns\/","name":"Qualit\u00e4t auf Platz 1 | Ferry Verbeek Plantengroothandel","isPartOf":{"@id":"https:\/\/ferryverbeek.nl\/de\/#website"},"primaryImageOfPage":{"@id":"https:\/\/ferryverbeek.nl\/de\/ueber-uns\/#primaryimage"},"image":{"@id":"https:\/\/ferryverbeek.nl\/de\/ueber-uns\/#primaryimage"},"thumbnailUrl":"https:\/\/ferryverbeek.nl\/wp-content\/uploads\/2022\/05\/Over-ons-Ferry-Verbeek-kamer-en-tuin-planten.jpg","datePublished":"2022-02-28T10:29:56+00:00","dateModified":"2022-05-23T11:09:40+00:00","description":"Mit unseren Z\u00fcchtern beliefern wir Kunden nur mit den besten Pflanzen. Neugierig, was wir f\u00fcr Sie tun k\u00f6nnen? Nehmen Sie Kontakt auf.","breadcrumb":{"@id":"https:\/\/ferryverbeek.nl\/de\/ueber-uns\/#breadcrumb"},"inLanguage":"de","potentialAction":[{"@type":"ReadAction","target":["https:\/\/ferryverbeek.nl\/de\/ueber-uns\/"]}]},{"@type":"ImageObject","inLanguage":"de","@id":"https:\/\/ferryverbeek.nl\/de\/ueber-uns\/#primaryimage","url":"https:\/\/ferryverbeek.nl\/wp-content\/uploads\/2022\/05\/Over-ons-Ferry-Verbeek-kamer-en-tuin-planten.jpg","contentUrl":"https:\/\/ferryverbeek.nl\/wp-content\/uploads\/2022\/05\/Over-ons-Ferry-Verbeek-kamer-en-tuin-planten.jpg"},{"@type":"BreadcrumbList","@id":"https:\/\/ferryverbeek.nl\/de\/ueber-uns\/#breadcrumb","itemListElement":[{"@type":"ListItem","position":1,"name":"Home","item":"https:\/\/ferryverbeek.nl\/de\/"},{"@type":"ListItem","position":2,"name":"\u00dcBER UNS"}]},{"@type":"WebSite","@id":"https:\/\/ferryverbeek.nl\/de\/#website","url":"https:\/\/ferryverbeek.nl\/de\/","name":"Ferry Verbeek","description":"plantengroothandel","potentialAction":[{"@type":"SearchAction","target":{"@type":"EntryPoint","urlTemplate":"https:\/\/ferryverbeek.nl\/de\/?s={search_term_string}"},"query-input":"required name=search_term_string"}],"inLanguage":"de"}]}},"_links":{"self":[{"href":"https:\/\/ferryverbeek.nl\/de\/wp-json\/wp\/v2\/pages\/591","targetHints":{"allow":["GET"]}}],"collection":[{"href":"https:\/\/ferryverbeek.nl\/de\/wp-json\/wp\/v2\/pages"}],"about":[{"href":"https:\/\/ferryverbeek.nl\/de\/wp-json\/wp\/v2\/types\/page"}],"author":[{"embeddable":true,"href":"https:\/\/ferryverbeek.nl\/de\/wp-json\/wp\/v2\/users\/6"}],"replies":[{"embeddable":true,"href":"https:\/\/ferryverbeek.nl\/de\/wp-json\/wp\/v2\/comments?post=591"}],"version-history":[{"count":3,"href":"https:\/\/ferryverbeek.nl\/de\/wp-json\/wp\/v2\/pages\/591\/revisions"}],"predecessor-version":[{"id":640,"href":"https:\/\/ferryverbeek.nl\/de\/wp-json\/wp\/v2\/pages\/591\/revisions\/640"}],"wp:attachment":[{"href":"https:\/\/ferryverbeek.nl\/de\/wp-json\/wp\/v2\/media?parent=591"}],"curies":[{"name":"wp","href":"https:\/\/api.w.org\/{rel}","templated":true}]}}