{"id":588,"date":"2022-02-28T11:29:01","date_gmt":"2022-02-28T10:29:01","guid":{"rendered":"https:\/\/ferryverbeek.nl\/startseite\/"},"modified":"2022-07-15T16:37:40","modified_gmt":"2022-07-15T14:37:40","slug":"startseite","status":"publish","type":"page","link":"https:\/\/ferryverbeek.nl\/de\/","title":{"rendered":"Startseite"},"content":{"rendered":"\n\n    <!-- Sidebar -->\n        <img decoding=\"async\" src=\"https:\/\/ferryverbeek.nl\/wp-content\/uploads\/2022\/03\/logo-rotated-1.svg\"\/>\n            <a href=\"https:\/\/www.facebook.com\/FerryVerbeekPlanten\" target=\"_blank\" rel=\"noopener\">\n            <\/a>\n            <a href=\"https:\/\/www.instagram.com\/ferry.verbeek\" target=\"_blank\" rel=\"noopener\">\n            <\/a>\n            <a href=\"https:\/\/www.linkedin.com\/in\/ferry-verbeek-a8a900100\/\" target=\"_blank\" rel=\"noopener\">\n            <\/a>\n    <!-- Background image -->\n        <img decoding=\"async\" src=\"https:\/\/ferryverbeek.nl\/wp-content\/uploads\/2022\/03\/img_2-1.jpg\"\/>\n    <!-- Hand image + Overlay -->\n        <img decoding=\"async\" src=\"https:\/\/ferryverbeek.nl\/wp-content\/uploads\/2022\/03\/img_2.5.png\"\/>\n        <button @mouseover=\"showInfo = true\" @mouseleave=\"showInfo = false\">\n        <\/button>\n            <p>&#8222;\u00dcber Ferry Verbeek kaufen Sie direkt bei den besten Pflanzenz\u00fcchtern in den Niederlanden und Belgien&#8220;<\/p>\n    <!-- Title -->\n        <h1 :class=\"animate ? 'animate' : '' \">\n            The power\n            of Quality\n        <\/h1>\n                    <p>Opti-flor quality plants<\/p>\n                <img decoding=\"async\" src=\"https:\/\/ferryverbeek.nl\/wp-content\/uploads\/2022\/03\/img_3.jpg\" alt=\"foto\"\/>\n                    <p> The <strong>Best<\/strong> Quality<\/p>\n            <h2>\n                Transparenz\n                <br \/>\n                bei jeder Pflanze\n            <\/h2>\n            <p>Ferry Verbeek ist seit Jahren f\u00fchrend im Pflanzensektor und bringt Z\u00fcchter und Kunden auf seine ganz eigene Weise zusammen. Durch ein anerkanntes Netzwerk von Z\u00fcchtern ist Ferry Verbeek Plantengroothandel in der Lage, Pflanzen von h\u00f6chster Qualit\u00e4t direkt vom Z\u00fcchter an den Kunden zu liefern.Qualit\u00e4t und Service stehen bei uns an erster Stelle. Eine verl\u00e4ssliche Zusammenarbeit mit unseren Z\u00fcchtern und Kunden ist daf\u00fcr unerl\u00e4sslich. Auf diese Weise schaffen wir langj\u00e4hrige Beziehungen, auf die wir stolz sind. Sind Sie neugierig, was wir f\u00fcr Ihr Gartencenter tun k\u00f6nnen? Wir informieren Sie gerne \u00fcber die M\u00f6glichkeiten.Unser sorgf\u00e4ltig ausgew\u00e4hltes Sortiment k\u00f6nnen Sie ganz einfach 24\/7 \u00fcber unseren Webshop bestellen.<\/p>\n            <a href=\"https:\/\/ferryverbeek.nl\/de\/ueber-uns\/\">\n                \u00dcBER UNS            <\/a>\n        <h2>\n            Immer\n            einen Schritt voraus\n        <\/h2>\n                        <a href=\"\/de\/ueber-uns\/\">\n                            <h3>\n                                Direkt<br \/>\n                                vom Z\u00fcchter\n                            <\/h3>\n                            <p>\u00dcber Ferry Verbeek kaufen Sie direkt bei den besten Pflanzenz\u00fcchtern aus den Niederlanden und aus Belgien. Wir streben danach, jeden Tag die sch\u00f6nsten Pflanzen bei den besseren Z\u00fcchtern aus den Niederlanden und aus Belgien zusammenzustellen.<\/p>\n                            <img decoding=\"async\" src=\"https:\/\/ferryverbeek.nl\/wp-content\/uploads\/2022\/03\/img_10-1.jpg\" alt=\"afbeelding\"\/>\n                        <\/a>\n                        <a href=\"\/de\/ueber-uns\/\">\n                            <h3>\n                                Unsere<br \/>\n                                Kunden\n                            <\/h3>\n                            <p>Zufriedene Kunden, darum geht es uns. Qualit\u00e4t, Transparenz und Service stehen bei uns an erster Stelle.<\/p>\n                            <img decoding=\"async\" src=\"https:\/\/ferryverbeek.nl\/wp-content\/uploads\/2022\/03\/img_9.jpg\" alt=\"afbeelding\"\/>\n                        <\/a>\n                        <a href=\"\/de\/ueber-uns\/\">\n                            <h3>\n                                Qualit\u00e4t<br \/>\n                                auf Platz 1\n                            <\/h3>\n                            <p>Seit \u00fcber 20 Jahren garantieren wir die Qualit\u00e4t unserer Pflanzen. Das gelingt uns, weil wir ausschlie\u00dflich mit den besten Z\u00fcchtern zusammenarbeiten, auf die wir uns verlassen k\u00f6nnen.<\/p>\n                            <img decoding=\"async\" src=\"https:\/\/ferryverbeek.nl\/wp-content\/uploads\/2022\/05\/Ferry-Verbeek-Kwaliteit-bovenaan-website-planten_Tekengebied-1-1.jpg\" alt=\"afbeelding\"\/>\n                        <\/a>\n                        <a href=\"https:\/\/shop.ferryverbeek.nl\/\">\n                            <h3>\n                                Unser<br \/>\n                                Online-Shop\n                            <\/h3>\n                            <p>In unserem benutzerfreundlichen Online-Shop k\u00f6nnen Kunden 24\/7 online bestellen. M\u00f6chten auch Sie unseren Online-Shop und unseren Service nutzen? Bitte kontaktieren Sie uns.<\/p>\n                            <img decoding=\"async\" src=\"https:\/\/ferryverbeek.nl\/wp-content\/uploads\/2022\/05\/Ferry-Verbeek-Planten-webshop_Tekengebied-1-1.jpg\" alt=\"afbeelding\"\/>\n                        <\/a>\n        <img decoding=\"async\" :class=\"animate ? 'animate' : '' \" src=\"https:\/\/ferryverbeek.nl\/wp-content\/uploads\/2022\/03\/mobile-image-2.png\"\/>\n            <h2>Schauen Sie sich unser Sortiment an<\/h2>\n            <a href=\"https:\/\/shop.ferryverbeek.nl\/\">\n                Besuchen Sie unseren Online-Shop\n            <\/a>\n\n","protected":false},"excerpt":{"rendered":"<p>&#8222;\u00dcber Ferry Verbeek kaufen Sie direkt bei den besten Pflanzenz\u00fcchtern in den Niederlanden und Belgien&#8220; The power of Quality Opti-flor quality plants The Best Quality Transparenz bei jeder Pflanze Ferry Verbeek ist seit Jahren f\u00fchrend im Pflanzensektor und bringt Z\u00fcchter und Kunden auf seine ganz eigene Weise zusammen. Durch ein anerkanntes Netzwerk von Z\u00fcchtern ist [&hellip;]<\/p>\n","protected":false},"author":6,"featured_media":0,"parent":0,"menu_order":0,"comment_status":"closed","ping_status":"closed","template":"","meta":{"_acf_changed":false,"inline_featured_image":false,"footnotes":""},"class_list":["post-588","page","type-page","status-publish","hentry"],"acf":[],"yoast_head":"<!-- This site is optimized with the Yoast SEO plugin v22.7 - https:\/\/yoast.com\/wordpress\/plugins\/seo\/ -->\n<title>Ferry Verbeek Plantengroothandel | Direkt vom Z\u00fcchter<\/title>\n<meta name=\"description\" content=\"Pflanzen einfach und transparent von den besten Z\u00fcchtern in den Niederlanden kaufen? Dann ist Ferry Verbeek der ideale Partner.\" \/>\n<meta name=\"robots\" content=\"index, follow, max-snippet:-1, max-image-preview:large, max-video-preview:-1\" \/>\n<link rel=\"canonical\" href=\"https:\/\/ferryverbeek.nl\/de\/\" \/>\n<meta property=\"og:locale\" content=\"de_DE\" \/>\n<meta property=\"og:type\" content=\"article\" \/>\n<meta property=\"og:title\" content=\"Ferry Verbeek Plantengroothandel | Direkt vom Z\u00fcchter\" \/>\n<meta property=\"og:description\" content=\"Pflanzen einfach und transparent von den besten Z\u00fcchtern in den Niederlanden kaufen? Dann ist Ferry Verbeek der ideale Partner.\" \/>\n<meta property=\"og:url\" content=\"https:\/\/ferryverbeek.nl\/de\/\" \/>\n<meta property=\"og:site_name\" content=\"Ferry Verbeek\" \/>\n<meta property=\"article:modified_time\" content=\"2022-07-15T14:37:40+00:00\" \/>\n<meta property=\"og:image\" content=\"https:\/\/ferryverbeek.nl\/wp-content\/uploads\/2022\/03\/logo-rotated-1.svg\" \/>\n<meta name=\"twitter:card\" content=\"summary_large_image\" \/>\n<meta name=\"twitter:label1\" content=\"Gesch\u00e4tzte Lesezeit\" \/>\n\t<meta name=\"twitter:data1\" content=\"1\u00a0Minute\" \/>\n<script type=\"application\/ld+json\" class=\"yoast-schema-graph\">{\"@context\":\"https:\/\/schema.org\",\"@graph\":[{\"@type\":\"WebPage\",\"@id\":\"https:\/\/ferryverbeek.nl\/de\/\",\"url\":\"https:\/\/ferryverbeek.nl\/de\/\",\"name\":\"Ferry Verbeek Plantengroothandel | Direkt vom Z\u00fcchter\",\"isPartOf\":{\"@id\":\"https:\/\/ferryverbeek.nl\/de\/#website\"},\"primaryImageOfPage\":{\"@id\":\"https:\/\/ferryverbeek.nl\/de\/#primaryimage\"},\"image\":{\"@id\":\"https:\/\/ferryverbeek.nl\/de\/#primaryimage\"},\"thumbnailUrl\":\"https:\/\/ferryverbeek.nl\/wp-content\/uploads\/2022\/03\/logo-rotated-1.svg\",\"datePublished\":\"2022-02-28T10:29:01+00:00\",\"dateModified\":\"2022-07-15T14:37:40+00:00\",\"description\":\"Pflanzen einfach und transparent von den besten Z\u00fcchtern in den Niederlanden kaufen? Dann ist Ferry Verbeek der ideale Partner.\",\"breadcrumb\":{\"@id\":\"https:\/\/ferryverbeek.nl\/de\/#breadcrumb\"},\"inLanguage\":\"de\",\"potentialAction\":[{\"@type\":\"ReadAction\",\"target\":[\"https:\/\/ferryverbeek.nl\/de\/\"]}]},{\"@type\":\"ImageObject\",\"inLanguage\":\"de\",\"@id\":\"https:\/\/ferryverbeek.nl\/de\/#primaryimage\",\"url\":\"https:\/\/ferryverbeek.nl\/wp-content\/uploads\/2022\/03\/logo-rotated-1.svg\",\"contentUrl\":\"https:\/\/ferryverbeek.nl\/wp-content\/uploads\/2022\/03\/logo-rotated-1.svg\"},{\"@type\":\"BreadcrumbList\",\"@id\":\"https:\/\/ferryverbeek.nl\/de\/#breadcrumb\",\"itemListElement\":[{\"@type\":\"ListItem\",\"position\":1,\"name\":\"Home\",\"item\":\"https:\/\/ferryverbeek.nl\/de\/\"},{\"@type\":\"ListItem\",\"position\":2,\"name\":\"Startseite\"}]},{\"@type\":\"WebSite\",\"@id\":\"https:\/\/ferryverbeek.nl\/de\/#website\",\"url\":\"https:\/\/ferryverbeek.nl\/de\/\",\"name\":\"Ferry Verbeek\",\"description\":\"plantengroothandel\",\"potentialAction\":[{\"@type\":\"SearchAction\",\"target\":{\"@type\":\"EntryPoint\",\"urlTemplate\":\"https:\/\/ferryverbeek.nl\/de\/?s={search_term_string}\"},\"query-input\":\"required name=search_term_string\"}],\"inLanguage\":\"de\"}]}<\/script>\n<!-- \/ Yoast SEO plugin. -->","yoast_head_json":{"title":"Ferry Verbeek Plantengroothandel | Direkt vom Z\u00fcchter","description":"Pflanzen einfach und transparent von den besten Z\u00fcchtern in den Niederlanden kaufen? Dann ist Ferry Verbeek der ideale Partner.","robots":{"index":"index","follow":"follow","max-snippet":"max-snippet:-1","max-image-preview":"max-image-preview:large","max-video-preview":"max-video-preview:-1"},"canonical":"https:\/\/ferryverbeek.nl\/de\/","og_locale":"de_DE","og_type":"article","og_title":"Ferry Verbeek Plantengroothandel | Direkt vom Z\u00fcchter","og_description":"Pflanzen einfach und transparent von den besten Z\u00fcchtern in den Niederlanden kaufen? Dann ist Ferry Verbeek der ideale Partner.","og_url":"https:\/\/ferryverbeek.nl\/de\/","og_site_name":"Ferry Verbeek","article_modified_time":"2022-07-15T14:37:40+00:00","og_image":[{"url":"https:\/\/ferryverbeek.nl\/wp-content\/uploads\/2022\/03\/logo-rotated-1.svg"}],"twitter_card":"summary_large_image","twitter_misc":{"Gesch\u00e4tzte Lesezeit":"1\u00a0Minute"},"schema":{"@context":"https:\/\/schema.org","@graph":[{"@type":"WebPage","@id":"https:\/\/ferryverbeek.nl\/de\/","url":"https:\/\/ferryverbeek.nl\/de\/","name":"Ferry Verbeek Plantengroothandel | Direkt vom Z\u00fcchter","isPartOf":{"@id":"https:\/\/ferryverbeek.nl\/de\/#website"},"primaryImageOfPage":{"@id":"https:\/\/ferryverbeek.nl\/de\/#primaryimage"},"image":{"@id":"https:\/\/ferryverbeek.nl\/de\/#primaryimage"},"thumbnailUrl":"https:\/\/ferryverbeek.nl\/wp-content\/uploads\/2022\/03\/logo-rotated-1.svg","datePublished":"2022-02-28T10:29:01+00:00","dateModified":"2022-07-15T14:37:40+00:00","description":"Pflanzen einfach und transparent von den besten Z\u00fcchtern in den Niederlanden kaufen? Dann ist Ferry Verbeek der ideale Partner.","breadcrumb":{"@id":"https:\/\/ferryverbeek.nl\/de\/#breadcrumb"},"inLanguage":"de","potentialAction":[{"@type":"ReadAction","target":["https:\/\/ferryverbeek.nl\/de\/"]}]},{"@type":"ImageObject","inLanguage":"de","@id":"https:\/\/ferryverbeek.nl\/de\/#primaryimage","url":"https:\/\/ferryverbeek.nl\/wp-content\/uploads\/2022\/03\/logo-rotated-1.svg","contentUrl":"https:\/\/ferryverbeek.nl\/wp-content\/uploads\/2022\/03\/logo-rotated-1.svg"},{"@type":"BreadcrumbList","@id":"https:\/\/ferryverbeek.nl\/de\/#breadcrumb","itemListElement":[{"@type":"ListItem","position":1,"name":"Home","item":"https:\/\/ferryverbeek.nl\/de\/"},{"@type":"ListItem","position":2,"name":"Startseite"}]},{"@type":"WebSite","@id":"https:\/\/ferryverbeek.nl\/de\/#website","url":"https:\/\/ferryverbeek.nl\/de\/","name":"Ferry Verbeek","description":"plantengroothandel","potentialAction":[{"@type":"SearchAction","target":{"@type":"EntryPoint","urlTemplate":"https:\/\/ferryverbeek.nl\/de\/?s={search_term_string}"},"query-input":"required name=search_term_string"}],"inLanguage":"de"}]}},"_links":{"self":[{"href":"https:\/\/ferryverbeek.nl\/de\/wp-json\/wp\/v2\/pages\/588","targetHints":{"allow":["GET"]}}],"collection":[{"href":"https:\/\/ferryverbeek.nl\/de\/wp-json\/wp\/v2\/pages"}],"about":[{"href":"https:\/\/ferryverbeek.nl\/de\/wp-json\/wp\/v2\/types\/page"}],"author":[{"embeddable":true,"href":"https:\/\/ferryverbeek.nl\/de\/wp-json\/wp\/v2\/users\/6"}],"replies":[{"embeddable":true,"href":"https:\/\/ferryverbeek.nl\/de\/wp-json\/wp\/v2\/comments?post=588"}],"version-history":[{"count":13,"href":"https:\/\/ferryverbeek.nl\/de\/wp-json\/wp\/v2\/pages\/588\/revisions"}],"predecessor-version":[{"id":670,"href":"https:\/\/ferryverbeek.nl\/de\/wp-json\/wp\/v2\/pages\/588\/revisions\/670"}],"wp:attachment":[{"href":"https:\/\/ferryverbeek.nl\/de\/wp-json\/wp\/v2\/media?parent=588"}],"curies":[{"name":"wp","href":"https:\/\/api.w.org\/{rel}","templated":true}]}}